{"id":4216,"date":"2018-10-03T20:57:46","date_gmt":"2018-10-03T18:57:46","guid":{"rendered":"http:\/\/scmrmvalcea.ro\/scm\/?page_id=4216"},"modified":"2025-11-27T13:00:20","modified_gmt":"2025-11-27T10:00:20","slug":"declaratii-publice","status":"publish","type":"page","link":"https:\/\/scmrmvalcea.ro\/scm\/declaratii-publice\/","title":{"rendered":"Declaratii publice"},"content":{"rendered":"<h2 style=\"text-align: center;\">\u00a0 \u00a0 \u00a0 \u00a0 \u00a0 \u00a0 2025<\/h2>\n<h5>1.\u00a0<strong>LISTA DECLARATII AVERE 2025<br \/>\n<\/strong><br \/>\nTUCA M. MIRCEA MARIUS <a href=\"http:\/\/www.scmrmvalcea.ro\/documente\/tucav25.pdf\">(format .pdf)<\/a><span style=\"font-size: 16px;\"><br \/>\n<\/span>BADEA C. ADRIANA <a href=\"http:\/\/www.scmrmvalcea.ro\/documente\/badeaav25.pdf\">(format .pdf)<\/a><\/h5>\n<h5>2. <strong>LISTA DECLARATII INTERESE 2025<br \/>\n<\/strong><br \/>\nTUCA M. MIRCEA MARIUS <a href=\"http:\/\/www.scmrmvalcea.ro\/documente\/tucin25.pdf\">(format .pdf)<\/a><span style=\"font-size: 16px;\"><br \/>\n<\/span>BADEA C. ADRIANA <a href=\"http:\/\/www.scmrmvalcea.ro\/documente\/badeaint25.pdf\">(format .pdf)<\/a><\/h5>\n<h5>3.<strong>Lista salarii de baz\u0103 pentru personalul din cadrul SCM R\u00e2mnicu V\u00e2lcea<\/strong> <a href=\"http:\/\/www.scmrmvalcea.ro\/documente\/LISTASALARIIPERSONALSCM.pdf\">(format .pdf)<\/a><\/h5>\n<h2 style=\"text-align: center;\"><\/h2>\n<h2 style=\"text-align: center;\">\u00a0 \u00a0 \u00a0 \u00a0 \u00a0 \u00a0 \u00a0 2024<\/h2>\n<h6>1. Lista functiilor din cadrul SCM Ramnicu Valcea la 31 martie 2024\u00a0<strong> <a href=\"http:\/\/scmrmvalcea.ro\/documente\/listafun2024.pdf\">(Descarca in format .pdf)<\/a><\/strong><\/h6>\n<h2 style=\"text-align: center;\">\u00a0 \u00a0 \u00a0 \u00a0 \u00a0 \u00a0 \u00a0 \u00a0 \u00a0 \u00a0 \u00a0 \u00a0 \u00a0 \u00a0 \u00a0 \u00a0 \u00a0 \u00a0 \u00a0 \u00a0 \u00a0 \u00a0 \u00a0 \u00a0 \u00a0 \u00a0 \u00a0 \u00a0 \u00a0 \u00a0 \u00a0 \u00a0 \u00a0 \u00a0 \u00a0 \u00a0 \u00a0 \u00a0 \u00a0 \u00a0 \u00a0 \u00a0 \u00a0 \u00a0 \u00a0 \u00a0 \u00a0 \u00a0 \u00a0 \u00a0 \u00a0 \u00a0 \u00a0 \u00a0 \u00a0 \u00a0 \u00a0 \u00a0 2023<\/h2>\n<p>&nbsp;<\/p>\n<ol>\n<li>\n<h6><strong>Lista functiilor din cadrul SCM Ramnicu Valcea, in vederea asigurarii transparentei veniturilor salariale, conform cu art. 33 din Legea nr. 153\/2017 privind salarizarea personalului platit din fondurile publie la 31 martie 2023 <a href=\"http:\/\/scmrmvalcea.ro\/documente\/listamar23.pdf\">(Descarca in format .pdf)<\/a><\/strong><\/h6>\n<\/li>\n<li>\n<h6><strong>Lista functiilor din cadrul Sport Club Municipal Ramnicu Valcea, privind salarizarea personalului platit din fonduri publice &#8211; sept 2023 <a href=\"http:\/\/scmrmvalcea.ro\/documente\/listasept23.pdf\">(Descarca in format .pdf)<\/a><\/strong><\/h6>\n<\/li>\n<li><\/li>\n<li>\n<h6><strong>LISTA DECLARATII AVERE 2023<br \/>\n<\/strong><br \/>\nBORLEANU A. IOANA\u00a0\u00a0<a href=\"http:\/\/www.scmrmvalcea.ro\/documente\/davborleanu2023.pdf\">(format .pdf)<\/a><br \/>\nCIONTEA M. TEODORA\u00a0<a href=\"http:\/\/www.scmrmvalcea.ro\/documente\/davciontea2023.pdf\">(format .pdf)<\/a><br \/>\nTUCA M. MIRCEA MARIUS\u00a0<a href=\"http:\/\/www.scmrmvalcea.ro\/documente\/davtuca2023pdf\">(format .pdf)<\/a><span style=\"font-size: 16px;\"><br \/>\n<\/span>SCLIPCEA I. LUCIANA MARIA\u00a0<a href=\"http:\/\/www.scmrmvalcea.ro\/documente\/davsclipcea2023\">(format .pdf)<\/a><br \/>\nCOTAR MARIANA MADALINA <a href=\"http:\/\/www.scmrmvalcea.ro\/documente\/davcotar2023.pdf\">(format .pdf)<\/a><br \/>\nPAVELESCU DUMITRU LUCIAN <a href=\"http:\/\/www.scmrmvalcea.ro\/documente\/davpavelescu2023.pdf\">(format .pdf)<\/a><br \/>\nSTEFANESCU ELENA SIMONA <a href=\"http:\/\/www.scmrmvalcea.ro\/documente\/davstefanescu2023.pdf\">(format .pdf)<\/a><br \/>\nTUFEANU DANIELA <a href=\"http:\/\/www.scmrmvalcea.ro\/documente\/davtufeanu2023.pdf\">(format .pdf)<\/a><br \/>\nTURMACU DUMITRU JEAN <a href=\"http:\/\/www.scmrmvalcea.ro\/documente\/davturmacu2023.pdf\">(format .pdf)<\/a><\/h6>\n<\/li>\n<li>\n<h6><strong>DECLARATII INTERESE 2023<br \/>\n<\/strong><\/h6>\n<h6>BORLEANU A. IOANA\u00a0\u00a0<a href=\"http:\/\/www.scmrmvalcea.ro\/documente\/dinborleanu2023.pdf\">(format .pdf)<\/a><br \/>\nCIONTEA M. TEODORA\u00a0<a href=\"http:\/\/www.scmrmvalcea.ro\/documente\/dinciontea2023.pdf\">(format .pdf)<\/a><br \/>\nTUCA M. MIRCEA MARIUS\u00a0<a href=\"http:\/\/www.scmrmvalcea.ro\/documente\/dintuca2023pdf\">(format .pdf)<\/a><span style=\"font-size: 16px;\"><br \/>\n<\/span>SCLIPCEA I. LUCIANA MARIA\u00a0<a href=\"http:\/\/www.scmrmvalcea.ro\/documente\/dinsclipcea2023\">(format .pdf)<\/a><br \/>\nCOTAR MARIANA MADALINA <a href=\"http:\/\/www.scmrmvalcea.ro\/documente\/dincotar2023.pdf\">(format .pdf)<\/a><br \/>\nPAVELESCU DUMITRU LUCIAN <a href=\"http:\/\/www.scmrmvalcea.ro\/documente\/dinpavelescu2023.pdf\">(format .pdf)<\/a><br \/>\nSTEFANESCU ELENA SIMONA <a href=\"http:\/\/www.scmrmvalcea.ro\/documente\/dinstefanescu2023.pdf\">(format .pdf)<\/a><br \/>\nTUFEANU DANIELA <a href=\"http:\/\/www.scmrmvalcea.ro\/documente\/dintufeanu2023.pdf\">(format .pdf)<\/a><br \/>\nTURMACU DUMITRU JEAN <a href=\"http:\/\/www.scmrmvalcea.ro\/documente\/dinturmacu2023.pdf\">(format .pdf)<\/a><\/h6>\n<h6><\/h6>\n<\/li>\n<\/ol>\n<h2 style=\"text-align: center;\">\u00a0 \u00a0 \u00a0 \u00a0 \u00a0 \u00a0 \u00a0 \u00a0 \u00a0 \u00a0 \u00a0 \u00a0 \u00a0 \u00a0 \u00a0 \u00a0 \u00a0 \u00a0 \u00a0 \u00a0 \u00a0 \u00a0 \u00a0 \u00a0 \u00a0 \u00a0 \u00a0 \u00a0 \u00a0 \u00a0 \u00a0 \u00a0 \u00a0 \u00a0 \u00a0 \u00a0 \u00a0 \u00a0 \u00a0 \u00a0 \u00a0 \u00a0 \u00a0 \u00a0 \u00a0 \u00a0 \u00a0 \u00a0 \u00a0 \u00a0 \u00a0 \u00a0 \u00a0 \u00a0 \u00a0 \u00a0 \u00a0 \u00a02022<\/h2>\n<p>&nbsp;<\/p>\n<ol>\n<li>\n<h6><strong>Lista functiilor din cadrul SCM Ramnicu Valcea, in vederea asigurarii transparentei veniturilor salariale, conform cu art. 33 din Legea nr. 153\/2017 privind salarizarea personalului platit din fondurile publie la 31 martie 2022<\/strong> <a href=\"http:\/\/scmrmvalcea.ro\/documente\/listafpdf.pdf\">(Descarca in format .pdf)<\/a><\/h6>\n<\/li>\n<li>\n<h6>Declara\u021bii de Avere \u0219i Declara\u021bii de Interese pentru Borleanu, Ciontea, Cotar, Pavelescu, Sclipce, Tuca, Tufeanu, Turmacu, Burlanescu si Stefanescu <a href=\"http:\/\/www.scmrmvalcea.ro\/documente\/declavint.zip\">(Descarca in format .pdf)<\/a><\/h6>\n<\/li>\n<\/ol>\n<h2 style=\"text-align: center;\">\u00a0 \u00a0 \u00a0 \u00a0 \u00a0 \u00a0 \u00a0 \u00a0 \u00a0 \u00a0 \u00a0 \u00a0 \u00a0 \u00a0 \u00a0 \u00a0 \u00a0 \u00a0 \u00a0 \u00a0 \u00a0 \u00a0 \u00a0 \u00a0 \u00a0 \u00a0 \u00a0 \u00a0 \u00a0 \u00a0 \u00a0 \u00a0 \u00a0 \u00a0 \u00a0 \u00a0 \u00a0 \u00a0 \u00a0 \u00a0 \u00a0 \u00a0 \u00a0 \u00a0 \u00a0 \u00a0 \u00a0 \u00a0 \u00a0 \u00a0 \u00a0 \u00a0 \u00a0 \u00a0 \u00a0 \u00a0 \u00a0 2021<\/h2>\n<p>&nbsp;<\/p>\n<ol>\n<li>\n<h6><strong>Lista functiilor din cadrul SCM Ramnicu Valcea, in vederea asigurarii transparentei veniturilor salariale, conform cu art. 33 din Legea nr. 153\/2017 privind salarizarea personalului platit din fondurile publie la 31 martie 2021<\/strong> <a href=\"http:\/\/scmrmvalcea.ro\/documente\/Scan_20210407_111640.pdf\">(Descarca in format .pdf)<\/a><\/h6>\n<\/li>\n<li>\n<h6><strong>DECLARATII AVERE 2021<br \/>\n<\/strong>BORLEANU A. IOANA\u00a0\u00a0<a href=\"http:\/\/www.scmrmvalcea.ro\/documente\/borleanu.pdf\">(format .pdf)<\/a><br \/>\nCIONTEA M. TEODORA\u00a0<a href=\"http:\/\/www.scmrmvalcea.ro\/documente\/ciontea.pdf\">(format .pdf)<\/a><br \/>\nTUCA M. MIRCEA MARIUS\u00a0<a href=\"http:\/\/www.scmrmvalcea.ro\/documente\/tuca.pdf\">(format .pdf)<\/a><span style=\"font-size: 16px;\"><br \/>\n<\/span>SCLIPCEA I. LUCIANA MARIA\u00a0<a href=\"http:\/\/www.scmrmvalcea.ro\/documente\/sclipcea.pdf\">(format .pdf)<\/a><br \/>\nPAVELESCU DUMITRU LUCIAN <a href=\"http:\/\/www.scmrmvalcea.ro\/documente\/pavelescu.pdf\">(format .pdf)<\/a><\/h6>\n<\/li>\n<li>\n<h6>Salarii de baza pentru func\u021bii contractuale de conducere &#8211; 30.09.2021 <a href=\"http:\/\/scmrmvalcea.ro\/documente\/Scan343.pdf\">(format .pdf)<\/a><\/h6>\n<\/li>\n<\/ol>\n<h2 style=\"text-align: center;\"><strong>2020<\/strong><\/h2>\n<ol>\n<li>\n<h6><strong>Lista functiilor din cadrul SCM Ramnicu Valcea 30.03.2020<\/strong><br \/>\n<a href=\"http:\/\/www.scmrmvalcea.ro\/documente\/Scan_20200401_114840.pdf\">Apasa pentru\u00a0<\/a><a href=\"http:\/\/www.scmrmvalcea.ro\/documente\/Scan_20200401_114840.pdf\">(format .pdf)<\/a><\/h6>\n<\/li>\n<li>\n<h6><strong>DECLARATII AVERE 2020<br \/>\n<\/strong>BORLEANU A. IOANA\u00a0\u00a0<a href=\"http:\/\/www.scmrmvalcea.ro\/documente\/BorleanuIoana2020.pdf\">(format .pdf)<\/a><br \/>\nCIONTEA M. TEODORA\u00a0<a href=\"http:\/\/www.scmrmvalcea.ro\/documente\/CionteaMihaelaTeodora2020.pdf\">(format .pdf)<\/a><br \/>\nTUCA M. MIRCEA MARIUS\u00a0<a href=\"http:\/\/www.scmrmvalcea.ro\/documente\/TucaMarius2020.pdf.pdf\">(format .pdf)<\/a><span style=\"font-size: 16px;\"><br \/>\n<\/span>SCLIPCEA I. LUCIANA MARIA\u00a0<a href=\"http:\/\/www.scmrmvalcea.ro\/documente\/SclipceaLuciana2020.pdf\">(format .pdf)<\/a><br \/>\nBAJAN GABRIEL SAVIAN <a href=\"http:\/\/www.scmrmvalcea.ro\/documente\/Bajan2020.pdf\">(format .pdf)<\/a><\/h6>\n<\/li>\n<li>\n<h6>Lista functiilor din cadrul SCM Rm. Valcea 30.09.2020 <a href=\"http:\/\/www.scmrmvalcea.ro\/documente\/Scan____20201023_120243.pdf\">(format .pdf)<\/a><\/h6>\n<\/li>\n<\/ol>\n<h2 style=\"text-align: center;\"><strong><br \/>\n2019<\/strong><\/h2>\n<h6><strong><br \/>\nHotararea Nr. 193 privind aprobarea &#8220;Normelor financiare pentru activitatea sprotiva desfasurata in cadrul Sport Club Municipal Ramnicu Valcea&#8221;<\/strong><br \/>\n<a href=\"http:\/\/213.177.20.2:8080\/dm\/2018\/hotarari.nsf\/vwHotarariByAn\/F2588226417F6810C22582C0004883BE\/$FILE\/hotarirea%20193%20-27%20iunie%202018%20-%20aprobare%20norme%20financiare%20pentru%20Sport%20Club%20Municipal.htm\">\u00a0 \u00a0 \u00a0 \u00a0 Intreaga hotarare scanata (in format .pdf)<\/a><\/h6>\n<ol>\n<li>\n<h6><strong>Hotararea Nr. 248 privind actualizarea Regulamentului de Organizare si Functionare al Sport Club Municipal Ramnicu Valcea<\/strong><\/h6>\n<h6><a href=\"http:\/\/213.177.20.2:8080\/dm\/2018\/hotarari.nsf\/vwHotarariByAn\/0FDE623708C4EB06C22582E50034216E\/$FILE\/248.Actualizare%20ROF%20SCM.pdf\">Intreaga hotarare scanata (in format .pdf)<\/a><\/h6>\n<\/li>\n<li>\n<h6><strong>Anunt Concurs<br \/>\n<\/strong>&#8211; CONTABIL SEF<\/h6>\n<h6><a href=\"http:\/\/www.scmrmvalcea.ro\/documente\/anuntconcurscontabilsef.pdf\">Apasa pentru anunt (format .pdf)<\/a><\/h6>\n<\/li>\n<li>\n<h6><strong>Rezultate Anunt Concurs &#8211; Contabil Sef<\/strong><\/h6>\n<h6><a href=\"https:\/\/scmrmvalcea.ro\/documente\/ANUNT.pdf\">Apasa pentru anunt (format .pdf)<\/a><\/h6>\n<\/li>\n<li>\n<h6><strong>Rezultate Anunt Concurs proba scrisa\u00a0 14.03.2019<\/strong><\/h6>\n<h6><a href=\"https:\/\/scmrmvalcea.ro\/documente\/scanscan.pdf\">Apasa pentru anunt (format .pdf)<\/a><\/h6>\n<\/li>\n<li>\n<h6><strong>Rezultate Anunt Concurs &#8211; proba interviu 14.03.2019<\/strong><\/h6>\n<h6><a href=\"https:\/\/scmrmvalcea.ro\/documente\/scann.pdf\">Apasa pentru anunt (format .pdf)<\/a><\/h6>\n<\/li>\n<li>\n<h6><strong>Anunt Rezultate Finale 15.03.2019<\/strong><\/h6>\n<h6><a href=\"http:\/\/www.scmrmvalcea.ro\/documente\/anuntfinal.pdf\">Apasa pentru anunt (format .pdf)<\/a><\/h6>\n<\/li>\n<li>\n<h6><strong>Anunt Concurs 14.06.2019<\/strong><\/h6>\n<h6>&#8211; DIRECTOR ADJUNCT, gradul II \u2013 1 post;<\/h6>\n<h6>&#8211; CASIER \u2013 Compartiment Contabilitate, Resurse Umane &#8211; 1 post ;<\/h6>\n<h6>&#8211; ADMINISTRATOR \u2013 Serviciul Administrare Baze Sportive \u2013 1 post.<\/h6>\n<h6><a href=\"http:\/\/www.scmrmvalcea.ro\/documente\/anunt0619.pdf\">Apasa pentru anunt (format .pdf)<\/a><\/h6>\n<\/li>\n<li>\n<h6><strong>Rezultatul verificarii dosarelor de inscriere 02.07.2019<\/strong><\/h6>\n<h6>Apasa pentru anunt <a href=\"http:\/\/www.scmrmvalcea.ro\/documente\/SCAN_20190702_142417093.pdf\">-pagina 1-<\/a> <a href=\"http:\/\/www.scmrmvalcea.ro\/documente\/SCAN_20190702_142505933.pdf\">-pagina 2-<\/a><\/h6>\n<\/li>\n<li>\n<h6><strong>ANUNT rezultate proba scrisa 09.07.2019<\/strong><\/h6>\n<h6><a href=\"http:\/\/www.scmrmvalcea.ro\/documente\/ANUNT115909072019.pdf\">Apasa pentru anunt (format .pdf)<\/a><\/h6>\n<\/li>\n<li>\n<h6><strong>ANUNT Rezultate concurs 12.07.2019<\/strong><\/h6>\n<h6><a href=\"http:\/\/www.scmrmvalcea.ro\/documente\/SCAN_20190715_082541485.pdf\">Apasa pentru anunt (anunt .pdf)<\/a><\/h6>\n<\/li>\n<li>\n<h6><strong>ANUNT Contestatie 16.07.2019<\/strong><\/h6>\n<h6><a href=\"http:\/\/www.scmrmvalcea.ro\/documente\/SCAN_20190716_110913252.pdf\">Apasa pentru anunt (format .pdf)<\/a><\/h6>\n<\/li>\n<li>\n<h6><strong>ANUNT Final concurs 16:00 \/ 17.01.2019<\/strong><\/h6>\n<h6><a href=\"http:\/\/www.scmrmvalcea.ro\/documente\/ANUNTFINALCONCURS.pdf\">Apasa pentru anunt (format .pdf)<\/a><\/h6>\n<\/li>\n<li>\n<h6><strong>Consiliul de Administratie &#8211; Hotararea 11 (Avizare bilete si abonamente)<\/strong><\/h6>\n<h6><a href=\"http:\/\/www.scmrmvalcea.ro\/documente\/hotararea11.pdf\">Apasa pentru anunt (format .pdf)<\/a><\/h6>\n<\/li>\n<li>\n<h6><strong>Anunt Concurs 26.07.2019<br \/>\n<\/strong><a href=\"http:\/\/www.scmrmvalcea.ro\/documente\/anuntconcursaugust2019.pdf\">Apasa pentru anunt (format .pdf)<\/a><\/h6>\n<\/li>\n<li>\n<h6><strong>ANUNT afisare rezulate dosare inscriere concurs posturi INGRIJITOR<\/strong><\/h6>\n<h6><a href=\"http:\/\/www.scmrmvalcea.ro\/documente\/SCAN13082019.pdf\">Apasa pentru anunt (format .pdf)<\/a><\/h6>\n<\/li>\n<li>\n<h6><strong><a href=\"http:\/\/www.scmrmvalcea.ro\/documente\/SCAN_20190820_130618137.pdf\">ANUNT posturi INGRIJITOR 20.08.2019<\/a><\/strong>\u00a0<a href=\"http:\/\/www.scmrmvalcea.ro\/documente\/SCAN_20190820_130618137.pdf\">Apasa pentru anunt (format.pdf)<\/a><\/h6>\n<\/li>\n<li>\n<h6><a href=\"http:\/\/www.scmrmvalcea.ro\/documente\/SCAN_20190823_110207196.pdf\">ANUNT final concurs posturi ingrijitor 23.08.2019 Apasa pentru anunt (format .pdf)<\/a><\/h6>\n<\/li>\n<li>\n<h6><a href=\"http:\/\/www.scmrmvalcea.ro\/documente\/SALARII2019.pdf\">LISTA SALARII DE BAZA 30 SEPTEMBRIE 2019<\/a><\/h6>\n<\/li>\n<li>\n<h6><strong>DECLARATII AVERE 2019<br \/>\n<\/strong>BORLEANU A. IOANA\u00a0\u00a0<a href=\"http:\/\/www.scmrmvalcea.ro\/documente\/D1.pdf\">D1(format .pdf)<\/a> ,<\/h6>\n<h6>PESTREA T. CRISTIAN-TRAIAN\u00a0<a href=\"http:\/\/www.scmrmvalcea.ro\/documente\/D2.pdf\">D2(format .pdf)<\/a>\u00a0,<\/h6>\n<h6>TUCA M. MIRCEA MARIUS\u00a0<a href=\"http:\/\/www.scmrmvalcea.ro\/documente\/D3.pdf\">D3(format .pdf)<\/a> ,<\/h6>\n<h6>BAJAN GABRIEL SAVIAN <a href=\"http:\/\/www.scmrmvalcea.ro\/documente\/D4.pdf\">D4(format .pdf)<\/a> ,<\/h6>\n<h6>SCLIPCEA I. LUCIANA MARIA\u00a0<a href=\"http:\/\/www.scmrmvalcea.ro\/documente\/D5.pdf\">D5(format .pdf)<\/a><\/h6>\n<p><strong>\u00a0<\/strong><\/li>\n<\/ol>\n","protected":false},"excerpt":{"rendered":"<p>\u00a0 \u00a0 \u00a0 \u00a0 \u00a0 \u00a0 2025 1.\u00a0LISTA DECLARATII AVERE 2025 TUCA M. MIRCEA MARIUS (format .pdf) BADEA C. ADRIANA (format .pdf) 2. LISTA DECLARATII INTERESE 2025 TUCA M. MIRCEA MARIUS (format .pdf) BADEA C. ADRIANA (format .pdf) 3.Lista salarii de baz\u0103 pentru personalul din cadrul SCM R\u00e2mnicu V\u00e2lcea (format .pdf) \u00a0 \u00a0 \u00a0 \u00a0&#8230; <\/p>\n<div class=\"clear\"><\/div>\n<p><a href=\"https:\/\/scmrmvalcea.ro\/scm\/declaratii-publice\/\" class=\"excerpt-read-more\">Read More<\/a><\/p>\n","protected":false},"author":1,"featured_media":0,"parent":0,"menu_order":0,"comment_status":"closed","ping_status":"closed","template":"","meta":{"footnotes":""},"class_list":["post-4216","page","type-page","status-publish","hentry"],"aioseo_notices":[],"_links":{"self":[{"href":"https:\/\/scmrmvalcea.ro\/scm\/wp-json\/wp\/v2\/pages\/4216","targetHints":{"allow":["GET"]}}],"collection":[{"href":"https:\/\/scmrmvalcea.ro\/scm\/wp-json\/wp\/v2\/pages"}],"about":[{"href":"https:\/\/scmrmvalcea.ro\/scm\/wp-json\/wp\/v2\/types\/page"}],"author":[{"embeddable":true,"href":"https:\/\/scmrmvalcea.ro\/scm\/wp-json\/wp\/v2\/users\/1"}],"replies":[{"embeddable":true,"href":"https:\/\/scmrmvalcea.ro\/scm\/wp-json\/wp\/v2\/comments?post=4216"}],"version-history":[{"count":10,"href":"https:\/\/scmrmvalcea.ro\/scm\/wp-json\/wp\/v2\/pages\/4216\/revisions"}],"predecessor-version":[{"id":6272,"href":"https:\/\/scmrmvalcea.ro\/scm\/wp-json\/wp\/v2\/pages\/4216\/revisions\/6272"}],"wp:attachment":[{"href":"https:\/\/scmrmvalcea.ro\/scm\/wp-json\/wp\/v2\/media?parent=4216"}],"curies":[{"name":"wp","href":"https:\/\/api.w.org\/{rel}","templated":true}]}}