{"id":4644,"date":"2019-07-31T15:12:17","date_gmt":"2019-07-31T12:12:17","guid":{"rendered":"http:\/\/scmrmvalcea.ro\/scm\/?page_id=4644"},"modified":"2019-07-31T15:19:11","modified_gmt":"2019-07-31T12:19:11","slug":"program-ccj","status":"publish","type":"page","link":"https:\/\/scmrmvalcea.ro\/scm\/program-ccj\/","title":{"rendered":"Program CCJ"},"content":{"rendered":"<h6><strong>PROGRAM DE DEZVOLTARE\u00a0<\/strong><strong>A SECTORULUI DE JUNIORI<\/strong><strong>AL CLUBULUI SPORT<\/strong><strong> CLUB MUNICIPAL RM VALCEA<\/strong><\/h6>\n<h6>Acest program de dezvoltare a sectorului de juniori al Clubului Sport Club Municipal Rm Valcea, con\u0163in\u00e2nd toate cele 12 capitole prev\u0103zute \u00een lista informa\u0163iilor din documenta\u0163ia de licen\u0163iere, la capitolul \u201eCriterii sportive\u201d, a fost studiat, verificat \u00eensu\u015fit \u015fi aprobat de c\u0103tre membrii Consiliului de Administra\u0163ie al S.C.M. Rm Valcea<\/h6>\n<h6>PROGRAMUL DE DEZVOLTARE a Centrului de copii \u015fi juniori este structurat pe 12 capitole:<\/h6>\n<h6>I.Obiectivele \u015fi strategia dezvolt\u0103rii preg\u0103tirii juniorilor;<\/h6>\n<h6>II.Organizarea sectorului de juniori;<\/h6>\n<h6>III.Personalul angajat \u015fi calific\u0103rile necesare;<\/h6>\n<h6>IV.Infrastructura disponibil\u0103;<\/h6>\n<h6>V.Resursele financiare;<\/h6>\n<h6>VI.Programul de preg\u0103tire fotbalistic\u0103 pe diferite grupe de v\u00e2rst\u0103;<\/h6>\n<h6>VII.Programul de instruire privind \u201elegile jocului\u201d;<\/h6>\n<h6>VIII.Programul de instruire antidoping;<\/h6>\n<h6>IX.Asisten\u0163a medical\u0103 pentru juniori;<\/h6>\n<h6>X.Procedur\u0103 de verificare pentru evaluarea rezultatelor \u015fi realiz\u0103rilor obiectivelor stabilite;<\/h6>\n<h6>XI.Angajamentul \u015fi sprijinul clubului pentru preg\u0103tirea \u015fcolar\u0103 obligatorie \u015fi suplimentar\u0103;<\/h6>\n<h6>XII.Valabilitatea programului.<\/h6>\n<h6><\/h6>\n<h5><a href=\"http:\/\/www.scmrmvalcea.ro\/documente\/ProgramCCJ.pdf\">Apasa aici pentru programul CCJ complet (format.pdf)<\/a><\/h5>\n<p><img loading=\"lazy\" decoding=\"async\" class=\"alignnone wp-image-4651 size-medium\" src=\"http:\/\/scmrmvalcea.ro\/scm\/wp-content\/uploads\/2019\/07\/foto1-300x225.jpg\" alt=\"\" width=\"300\" height=\"225\" srcset=\"https:\/\/scmrmvalcea.ro\/scm\/wp-content\/uploads\/2019\/07\/foto1-300x225.jpg 300w, https:\/\/scmrmvalcea.ro\/scm\/wp-content\/uploads\/2019\/07\/foto1-768x576.jpg 768w, https:\/\/scmrmvalcea.ro\/scm\/wp-content\/uploads\/2019\/07\/foto1-310x233.jpg 310w, https:\/\/scmrmvalcea.ro\/scm\/wp-content\/uploads\/2019\/07\/foto1-60x45.jpg 60w, https:\/\/scmrmvalcea.ro\/scm\/wp-content\/uploads\/2019\/07\/foto1-400x300.jpg 400w, https:\/\/scmrmvalcea.ro\/scm\/wp-content\/uploads\/2019\/07\/foto1.jpg 960w\" sizes=\"auto, (max-width: 300px) 100vw, 300px\" \/> <img loading=\"lazy\" decoding=\"async\" class=\"alignnone wp-image-4652 size-medium\" src=\"http:\/\/scmrmvalcea.ro\/scm\/wp-content\/uploads\/2019\/07\/foto2-300x225.jpg\" alt=\"\" width=\"300\" height=\"225\" srcset=\"https:\/\/scmrmvalcea.ro\/scm\/wp-content\/uploads\/2019\/07\/foto2-300x225.jpg 300w, https:\/\/scmrmvalcea.ro\/scm\/wp-content\/uploads\/2019\/07\/foto2-768x576.jpg 768w, https:\/\/scmrmvalcea.ro\/scm\/wp-content\/uploads\/2019\/07\/foto2-310x233.jpg 310w, https:\/\/scmrmvalcea.ro\/scm\/wp-content\/uploads\/2019\/07\/foto2-60x45.jpg 60w, https:\/\/scmrmvalcea.ro\/scm\/wp-content\/uploads\/2019\/07\/foto2-400x300.jpg 400w, https:\/\/scmrmvalcea.ro\/scm\/wp-content\/uploads\/2019\/07\/foto2.jpg 960w\" sizes=\"auto, (max-width: 300px) 100vw, 300px\" \/><\/p>\n","protected":false},"excerpt":{"rendered":"<p>PROGRAM DE DEZVOLTARE\u00a0A SECTORULUI DE JUNIORIAL CLUBULUI SPORT CLUB MUNICIPAL RM VALCEA Acest program de dezvoltare a sectorului de juniori al Clubului Sport Club Municipal Rm Valcea, con\u0163in\u00e2nd toate cele 12 capitole prev\u0103zute \u00een lista informa\u0163iilor din documenta\u0163ia de licen\u0163iere, la capitolul \u201eCriterii sportive\u201d, a fost studiat, verificat \u00eensu\u015fit \u015fi aprobat de c\u0103tre membrii Consiliului&#8230; <\/p>\n<div class=\"clear\"><\/div>\n<p><a href=\"https:\/\/scmrmvalcea.ro\/scm\/program-ccj\/\" class=\"excerpt-read-more\">Read More<\/a><\/p>\n","protected":false},"author":1,"featured_media":0,"parent":0,"menu_order":0,"comment_status":"closed","ping_status":"closed","template":"","meta":{"footnotes":""},"class_list":["post-4644","page","type-page","status-publish","hentry"],"aioseo_notices":[],"_links":{"self":[{"href":"https:\/\/scmrmvalcea.ro\/scm\/wp-json\/wp\/v2\/pages\/4644","targetHints":{"allow":["GET"]}}],"collection":[{"href":"https:\/\/scmrmvalcea.ro\/scm\/wp-json\/wp\/v2\/pages"}],"about":[{"href":"https:\/\/scmrmvalcea.ro\/scm\/wp-json\/wp\/v2\/types\/page"}],"author":[{"embeddable":true,"href":"https:\/\/scmrmvalcea.ro\/scm\/wp-json\/wp\/v2\/users\/1"}],"replies":[{"embeddable":true,"href":"https:\/\/scmrmvalcea.ro\/scm\/wp-json\/wp\/v2\/comments?post=4644"}],"version-history":[{"count":5,"href":"https:\/\/scmrmvalcea.ro\/scm\/wp-json\/wp\/v2\/pages\/4644\/revisions"}],"predecessor-version":[{"id":4653,"href":"https:\/\/scmrmvalcea.ro\/scm\/wp-json\/wp\/v2\/pages\/4644\/revisions\/4653"}],"wp:attachment":[{"href":"https:\/\/scmrmvalcea.ro\/scm\/wp-json\/wp\/v2\/media?parent=4644"}],"curies":[{"name":"wp","href":"https:\/\/api.w.org\/{rel}","templated":true}]}}